{"id":1595,"date":"2024-06-26T13:44:51","date_gmt":"2024-06-26T13:44:51","guid":{"rendered":"https:\/\/321brand.net\/cator\/avis-legal\/"},"modified":"2026-02-18T11:21:47","modified_gmt":"2026-02-18T11:21:47","slug":"avis-legal","status":"publish","type":"page","link":"https:\/\/cator-sa.com\/ca\/avis-legal\/","title":{"rendered":"Av\u00eds legal"},"content":{"rendered":"\t\t<div data-elementor-type=\"wp-page\" data-elementor-id=\"1595\" class=\"elementor elementor-1595 elementor-99\" data-elementor-post-type=\"page\">\n\t\t\t\t<div class=\"elementor-element elementor-element-1c65ded e-con-full e-flex e-con e-parent\" data-id=\"1c65ded\" data-element_type=\"container\">\n\t\t<div class=\"elementor-element elementor-element-91fa805 e-con-full e-flex e-con e-child\" data-id=\"91fa805\" data-element_type=\"container\">\n\t\t\t\t<div class=\"elementor-element elementor-element-985212a elementor-widget elementor-widget-heading\" data-id=\"985212a\" data-element_type=\"widget\" data-widget_type=\"heading.default\">\n\t\t\t\t<div class=\"elementor-widget-container\">\n\t\t\t\t\t<h1 class=\"elementor-heading-title elementor-size-default\">Av\u00eds legal<\/h1>\t\t\t\t<\/div>\n\t\t\t\t<\/div>\n\t\t\t\t<\/div>\n\t\t\t\t<\/div>\n\t\t<div class=\"elementor-element elementor-element-7ea1159 e-con-full e-flex e-con e-parent\" data-id=\"7ea1159\" data-element_type=\"container\">\n\t\t<div class=\"elementor-element elementor-element-3eaae02 e-con-full e-flex e-con e-child\" data-id=\"3eaae02\" data-element_type=\"container\">\n\t\t\t\t<div class=\"elementor-element elementor-element-7df581c elementor-widget elementor-widget-text-editor\" data-id=\"7df581c\" data-element_type=\"widget\" data-widget_type=\"text-editor.default\">\n\t\t\t\t<div class=\"elementor-widget-container\">\n\t\t\t\t\t\t\t\t\t<p>En cumplimiento de lo dispuesto en el art\u00edculo 10 de la Ley 34\/2002, de 11 de julio, de Servicios de la Sociedad de la Informaci\u00f3n y Comercio Electr\u00f3nico (LSSICE), Cator Recycling, S.A. (en adelante CATOR), pone a disposici\u00f3n de sus clientes, sus datos identificativos.<\/p><p><strong><b>Identificador del Titular del presente sitio y p\u00e1ginas Web<\/b><\/strong><\/p><p>Cator Recycling, S.A., con CIF A-60337854 y domicilio social en Ctra. Reus a Montblanc C-14z, Km 19,3 43460 Alcover (Tarragona), con tel\u00e9fono de contacto (+34 93 488 24 67, correo electr\u00f3nico <span style=\"text-decoration: underline;\"><span style=\"color: #000000;\"><a style=\"color: #000000; text-decoration: underline;\" href=\"mailto:info@cator-sa.com\">info@cator-sa.com <\/a><\/span><\/span>y datos registrales: Registro Mercantil de Barcelona, tomo 25963, folio 125, hoja B-98042, con fecha de inscripci\u00f3n 27\/07\/1993.<\/p><p><strong><b>Condiciones de acceso y uso de la Pagina Web de CATOR<\/b><\/strong><\/p><p>&#8211; El acceso y el uso de las p\u00e1ginas web de CATOR quedar\u00e1n sujetos a las presentes condiciones generales.<\/p><p style=\"padding-left: 40px;\">La utilizaci\u00f3n de las p\u00e1ginas web de titularidad de CATOR supone la aceptaci\u00f3n plena por el Usuario de todas las Condiciones Generales de Uso vigentes en cada momento en que el usuario acceda y que a continuaci\u00f3n se enumeran. CATOR se reserva el derecho a modificar en cualquier momento las presentes Condiciones de Uso.<\/p><p style=\"padding-left: 40px;\">CATOR informa que se reserva el derecho, sin previo aviso o comunicaci\u00f3n, de denegar, suspender, interrumpir o cancelar el acceso o la utilizaci\u00f3n, total o parcialmente, de este sitio web y su contenido a aquellos usuarios o visitantes del mismo que incumplan cualquiera de las Condiciones de Uso previstas en este Aviso Legal.<\/p><p>&#8211; Propiedad Intelectual e Industrial.<\/p><p style=\"padding-left: 40px;\">Todos los contenidos de las p\u00e1ginas web de CATOR, entendiendo como tales, sin ser limitativos en la enumeraci\u00f3n: textos, im\u00e1genes, gr\u00e1ficos, logos, documentos, contenidos audiovisuales y sonoros, as\u00ed como el dise\u00f1o gr\u00e1fico y c\u00f3digos necesarios para la ejecuci\u00f3n y funcionamiento de estas p\u00e1ginas web, etc., est\u00e1n sometidos a la normativa sobre Propiedad Intelectual y\/o Industrial.<\/p><p style=\"padding-left: 40px;\">Sin el consentimiento previo, expl\u00edcito y por escrito de CATOR, o sin hacer referencia a la titularidad de CATOR de los derechos de propiedad intelectual e industrial, quedan prohibidas la reproducci\u00f3n, la transformaci\u00f3n, distribuci\u00f3n, comunicaci\u00f3n p\u00fablica, puesta a disposici\u00f3n del p\u00fablico y en general cualquier otra forma de explotaci\u00f3n, por cualquier procedimiento, de todo o parte de los contenidos de este sitio web, as\u00ed como de su dise\u00f1o y la selecci\u00f3n y forma de presentaci\u00f3n de los materiales incluidos en la misma.<\/p><p style=\"padding-left: 40px;\">Los derechos sobre los contenidos corresponden a CATOR o a terceros en su caso. El usuario s\u00f3lo podr\u00e1 visualizar y obtener una copia privada de los contenidos siempre y cuando dicha copia sea exclusivamente para su uso personal y privado, quedando terminantemente prohibida su utilizaci\u00f3n para fines comerciales.<\/p><p style=\"padding-left: 40px;\">Las marcas, nombres comerciales o signos distintivos que aparecen en las distintas p\u00e1ginas web de este sitio son titularidad de CATOR o bien de terceros, sin que pueda entenderse que el acceso al sitio web atribuya ning\u00fan derecho sobre las citadas marcas, nombres comerciales y\/o signos distintivos.<\/p><p>&#8211; Responsabilidad de los usuarios por uso y contenidos.<\/p><p style=\"padding-left: 40px;\">El usuario no podr\u00e1 en ning\u00fan caso modificar o suprimir los datos identificativos que existan en los derechos de CATOR o de terceros.<\/p><p style=\"padding-left: 40px;\">El usuario \u00fanicamente podr\u00e1 acceder a los contenidos mediante los medios o procedimientos que se hayan puesto en disposici\u00f3n a este efecto en la p\u00e1gina web de CATOR o se utilicen habitualmente en Internet para ese fin, siempre que no impliquen violaci\u00f3n de derechos de Propiedad Intelectual\/Industrial o alg\u00fan tipo de da\u00f1o para la p\u00e1gina web de CATOR y\/o su informaci\u00f3n o servicios ofrecidos.<\/p><p style=\"padding-left: 40px;\">El usuario se obliga a utilizar los servicios y las informaciones de la p\u00e1gina web de CATOR de conformidad con la Ley, estas condiciones generales de la moral, las buenas costumbres, el orden p\u00fablico y a hacer un uso comedido, correcto y l\u00edcito de los servicios contenidos y a no realizar, colaborar o promover en especial cualquiera de las siguientes actividades:<\/p><p style=\"padding-left: 40px;\">Difundir contenidos o propaganda de car\u00e1cter racista, xen\u00f3fobo, pornogr\u00e1fico, apolog\u00eda del terrorismo, o cualquier otro contenido que sean contrarios a los derechos humanos, a las buenas costumbres o la moralidad.<\/p><p style=\"padding-left: 40px;\">Realizar actos contrarios a los derechos de Propiedad Intelectual y\/o Industrial de sus leg\u00edtimos titulares<\/p><p style=\"padding-left: 40px;\">Provocar da\u00f1os en los sistemas inform\u00e1ticos de CATOR, de sus proveedores o de terceros y\/o introducir o difundir virus inform\u00e1ticos, software nocivo u otro tipo de sistemas que puedan causar da\u00f1os en sistemas inform\u00e1ticos,<\/p><p style=\"padding-left: 40px;\">Transmitir publicidad o env\u00edo de mensajes electr\u00f3nicos no solicitados o autorizados.<\/p><p>&#8211; Renuncias y Limitaciones de responsabilidad<\/p><p style=\"padding-left: 40px;\">CATOR no ser\u00e1 responsable de la informaci\u00f3n, los servicios y\/o productos ofertados y\/o prestados por terceros a trav\u00e9s de la p\u00e1gina web de CATOR ni de los contenidos proporcionados por terceros.<\/p><p style=\"padding-left: 40px;\">CATOR no se responsabiliza de cualquier da\u00f1o o perjuicio en el software o hardware del usuario que se derive del acceso a la p\u00e1gina web de CATOR o del uso de informaci\u00f3n o aplicaciones en ella contenidas.<\/p><p style=\"padding-left: 40px;\">CATOR no garantiza la idoneidad, fiabilidad, disponibilidad, oportunidad o exactitud de informaci\u00f3n o servicios contenidos en su p\u00e1gina web, ni ser\u00e1 responsable de los da\u00f1os directos o indirectos en relaci\u00f3n con el uso de los contenidos de su p\u00e1gina web.<\/p><p style=\"padding-left: 40px;\">CATOR no garantiza que los contenidos de su p\u00e1gina sean aptos o disponibles fuera de Espa\u00f1a. En el supuesto de que todo o parte de los contenidos de la p\u00e1gina web de CATOR sean considerados ilegales en pa\u00edses distintos de Espa\u00f1a, queda prohibido el acceso a los mismos y su utilizaci\u00f3n por los usuarios en dichos pa\u00edses y, en el caso de que este se produzca, ser\u00e1 exclusivamente bajo la responsabilidad de los usuarios, estando estos obligados al cumplimiento de las leyes y normativas que en dicho caso fuesen de aplicaci\u00f3n.<\/p><p style=\"padding-left: 40px;\">El uso que pueda hacerse de la informaci\u00f3n y contenidos que aparecen en la p\u00e1gina web de CATOR y\/o del acceso a otras p\u00e1ginas web de terceros a trav\u00e9s de conexiones o \u201clinks\u201d que aparecen en la p\u00e1gina de CATOR se realizar\u00e1 bajo la exclusiva responsabilidad de aquellos que efect\u00faen este tipo de actos, no siendo CATOR responsable en ning\u00fan caso de los da\u00f1os o perjuicios que puedan derivarse de dichos usos o actividades.<\/p><p style=\"padding-left: 40px;\">Los hiperenlaces o links que contiene este sitio web pueden conducir al usuario a otros sitios y p\u00e1ginas web gestionados por terceros, sobre las que CATOR no ejerce ning\u00fan tipo de control, consecuentemente, CATOR no responde ni de los contenidos ni del estado de dichos sitios y p\u00e1ginas web, y el acceso a las mismas a trav\u00e9s de este sitio web tampoco implica que CATOR ni su personal, se solidarice, comparta opini\u00f3n o filiaci\u00f3n, recomiende o apruebe sus contenidos.<\/p><p>&#8211; Comunicaci\u00f3n de actividades de car\u00e1cter il\u00edcito e inadecuado<\/p><p style=\"padding-left: 40px;\">En el supuesto de que cualquier usuario del sitio web tuviera conocimiento de que los hiperenlaces remiten a p\u00e1ginas cuyos contenidos o servicios son il\u00edcitos, nocivos, denigrantes, violentos o contrarios a la moral y quisiera denunciarlo poni\u00e9ndolo en conocimiento de CATOR, podr\u00e1 ponerse en contacto indicando los siguientes extremos:<\/p><p style=\"padding-left: 40px;\"><strong><b>Datos personales del comunicante:<\/b><\/strong> nombre, direcci\u00f3n, n\u00famero de tel\u00e9fono y direcci\u00f3n de correo electr\u00f3nico; sin una identificaci\u00f3n efectiva y real del comunicante no ser\u00e1 considerada v\u00e1lida la comunicaci\u00f3n realizada).<\/p><p style=\"padding-left: 40px;\"><strong><b>Descripci\u00f3n de los hechos<\/b><\/strong> que revelan el car\u00e1cter il\u00edcito o inadecuado del hiperenlace;<\/p><p style=\"padding-left: 40px;\">En el supuesto de violaci\u00f3n de derechos, tales como propiedad intelectual e industrial, los datos personales del titular del derecho infringido cuando sea persona distinta del comunicante. Asimismo, en este supuesto de violaci\u00f3n de los derechos, deber\u00e1 aportar el t\u00edtulo que acredite la legitimaci\u00f3n del titular de los derechos y, en su caso, el de representaci\u00f3n para actuar por cuenta del titular cuando sea persona distinta del comunicante o bien se trate de la representaci\u00f3n de una persona jur\u00eddica.<\/p><p style=\"padding-left: 40px;\">El correo electr\u00f3nico no ser\u00e1 considerado como medio v\u00e1lido a los efectos de presentaci\u00f3n de reclamaciones u observaciones de esta \u00edndole. Para ello los comunicantes deber\u00e1n dirigirse al Departamento de Administraci\u00f3n de CATOR, situado en C\/ Puig i Cadafalch 17, 08191 Rub\u00ed (Barcelona), o bien a la direcci\u00f3n de correo info@cator-sa.com que se le indicar\u00e1 en cada caso los cauces y canales a seguir.<\/p><p style=\"padding-left: 40px;\">La recepci\u00f3n por parte de CATOR de la comunicaci\u00f3n de actividades de car\u00e1cter il\u00edcito o inadecuado no supondr\u00e1, seg\u00fan lo dispuesto en la normativa relativa a servicios de la sociedad de la informaci\u00f3n y de comercio electr\u00f3nico, el conocimiento efectivo de las actividades y\/o contenidos indicados por el comunicante, ni tampoco presupone una actuaci\u00f3n de CATOR como consecuencia de dicha comunicaci\u00f3n, ya que la misma ser\u00e1 considerada y evaluada por CATOR y actuar\u00e1 en consecuencia seg\u00fan sus criterios \u00e9ticos y morales.<\/p><p>&#8211; General<\/p><p style=\"padding-left: 40px;\">CATOR se reserva, sin necesidad de previo aviso y en cualquier momento, el derecho a suspender temporalmente el acceso a su p\u00e1gina web y a efectuar las modificaciones que considere oportunas de la p\u00e1gina, de los servicios o informaciones ofrecidas, de la presentaci\u00f3n o localizaci\u00f3n de las misma y de las condiciones de acceso y uso de la p\u00e1gina web de CATOR.<\/p><p style=\"padding-left: 40px;\">Toda la informaci\u00f3n que se reciba en esta p\u00e1gina web se considerar\u00e1 cedida a CATOR a t\u00edtulo gratuito.<\/p><p style=\"padding-left: 40px;\">Todas las cuestiones relativas a las presentes condiciones de uso y a las p\u00e1ginas web de CATOR se rigen por la legislaci\u00f3n espa\u00f1ola y se someten a la jurisdicci\u00f3n de los Juzgados y Tribunales de Barcelona, con renuncia a cualquier fuero que pudiera corresponder.<\/p>\t\t\t\t\t\t\t\t<\/div>\n\t\t\t\t<\/div>\n\t\t\t\t<\/div>\n\t\t\t\t<\/div>\n\t\t\t\t<\/div>\n\t\t","protected":false},"excerpt":{"rendered":"<p>Av\u00eds legal En cumplimiento de lo dispuesto en el art\u00edculo 10 de la Ley 34\/2002, de 11 de julio, de Servicios de la Sociedad de la Informaci\u00f3n y Comercio Electr\u00f3nico (LSSICE), Cator Recycling, S.A. (en adelante CATOR), pone a disposici\u00f3n de sus clientes, sus datos identificativos. Identificador del Titular del presente sitio y p\u00e1ginas Web [&hellip;]<\/p>\n","protected":false},"author":1,"featured_media":0,"parent":0,"menu_order":0,"comment_status":"closed","ping_status":"closed","template":"","meta":{"content-type":"","footnotes":""},"class_list":["post-1595","page","type-page","status-publish","hentry"],"yoast_head":"<!-- This site is optimized with the Yoast SEO plugin v24.4 - https:\/\/yoast.com\/wordpress\/plugins\/seo\/ -->\n<title>Av\u00eds legal - Cator<\/title>\n<meta name=\"robots\" content=\"index, follow, max-snippet:-1, max-image-preview:large, max-video-preview:-1\" \/>\n<link rel=\"canonical\" href=\"https:\/\/cator-sa.com\/ca\/avis-legal\/\" \/>\n<meta property=\"og:locale\" content=\"ca_ES\" \/>\n<meta property=\"og:type\" content=\"article\" \/>\n<meta property=\"og:title\" content=\"Av\u00eds legal - Cator\" \/>\n<meta property=\"og:description\" content=\"Av\u00eds legal En cumplimiento de lo dispuesto en el art\u00edculo 10 de la Ley 34\/2002, de 11 de julio, de Servicios de la Sociedad de la Informaci\u00f3n y Comercio Electr\u00f3nico (LSSICE), Cator Recycling, S.A. (en adelante CATOR), pone a disposici\u00f3n de sus clientes, sus datos identificativos. Identificador del Titular del presente sitio y p\u00e1ginas Web [&hellip;]\" \/>\n<meta property=\"og:url\" content=\"https:\/\/cator-sa.com\/ca\/avis-legal\/\" \/>\n<meta property=\"og:site_name\" content=\"Cator\" \/>\n<meta property=\"article:modified_time\" content=\"2026-02-18T11:21:47+00:00\" \/>\n<meta name=\"twitter:card\" content=\"summary_large_image\" \/>\n<meta name=\"twitter:label1\" content=\"Temps estimat de lectura\" \/>\n\t<meta name=\"twitter:data1\" content=\"9 minuts\" \/>\n<script type=\"application\/ld+json\" class=\"yoast-schema-graph\">{\"@context\":\"https:\/\/schema.org\",\"@graph\":[{\"@type\":\"WebPage\",\"@id\":\"https:\/\/cator-sa.com\/ca\/avis-legal\/\",\"url\":\"https:\/\/cator-sa.com\/ca\/avis-legal\/\",\"name\":\"Av\u00eds legal - Cator\",\"isPartOf\":{\"@id\":\"https:\/\/cator-sa.com\/ca\/#website\"},\"datePublished\":\"2024-06-26T13:44:51+00:00\",\"dateModified\":\"2026-02-18T11:21:47+00:00\",\"breadcrumb\":{\"@id\":\"https:\/\/cator-sa.com\/ca\/avis-legal\/#breadcrumb\"},\"inLanguage\":\"ca\",\"potentialAction\":[{\"@type\":\"ReadAction\",\"target\":[\"https:\/\/cator-sa.com\/ca\/avis-legal\/\"]}]},{\"@type\":\"BreadcrumbList\",\"@id\":\"https:\/\/cator-sa.com\/ca\/avis-legal\/#breadcrumb\",\"itemListElement\":[{\"@type\":\"ListItem\",\"position\":1,\"name\":\"Portada\",\"item\":\"https:\/\/cator-sa.com\/ca\/home\/\"},{\"@type\":\"ListItem\",\"position\":2,\"name\":\"Av\u00eds legal\"}]},{\"@type\":\"WebSite\",\"@id\":\"https:\/\/cator-sa.com\/ca\/#website\",\"url\":\"https:\/\/cator-sa.com\/ca\/\",\"name\":\"Cator\",\"description\":\"Cator\",\"publisher\":{\"@id\":\"https:\/\/cator-sa.com\/ca\/#organization\"},\"potentialAction\":[{\"@type\":\"SearchAction\",\"target\":{\"@type\":\"EntryPoint\",\"urlTemplate\":\"https:\/\/cator-sa.com\/ca\/?s={search_term_string}\"},\"query-input\":{\"@type\":\"PropertyValueSpecification\",\"valueRequired\":true,\"valueName\":\"search_term_string\"}}],\"inLanguage\":\"ca\"},{\"@type\":\"Organization\",\"@id\":\"https:\/\/cator-sa.com\/ca\/#organization\",\"name\":\"Cator\",\"url\":\"https:\/\/cator-sa.com\/ca\/\",\"logo\":{\"@type\":\"ImageObject\",\"inLanguage\":\"ca\",\"@id\":\"https:\/\/cator-sa.com\/ca\/#\/schema\/logo\/image\/\",\"url\":\"https:\/\/cator-sa.com\/wp-content\/uploads\/2024\/06\/logo-cator.png\",\"contentUrl\":\"https:\/\/cator-sa.com\/wp-content\/uploads\/2024\/06\/logo-cator.png\",\"width\":1477,\"height\":434,\"caption\":\"Cator\"},\"image\":{\"@id\":\"https:\/\/cator-sa.com\/ca\/#\/schema\/logo\/image\/\"}}]}<\/script>\n<!-- \/ Yoast SEO plugin. -->","yoast_head_json":{"title":"Av\u00eds legal - Cator","robots":{"index":"index","follow":"follow","max-snippet":"max-snippet:-1","max-image-preview":"max-image-preview:large","max-video-preview":"max-video-preview:-1"},"canonical":"https:\/\/cator-sa.com\/ca\/avis-legal\/","og_locale":"ca_ES","og_type":"article","og_title":"Av\u00eds legal - Cator","og_description":"Av\u00eds legal En cumplimiento de lo dispuesto en el art\u00edculo 10 de la Ley 34\/2002, de 11 de julio, de Servicios de la Sociedad de la Informaci\u00f3n y Comercio Electr\u00f3nico (LSSICE), Cator Recycling, S.A. (en adelante CATOR), pone a disposici\u00f3n de sus clientes, sus datos identificativos. Identificador del Titular del presente sitio y p\u00e1ginas Web [&hellip;]","og_url":"https:\/\/cator-sa.com\/ca\/avis-legal\/","og_site_name":"Cator","article_modified_time":"2026-02-18T11:21:47+00:00","twitter_card":"summary_large_image","twitter_misc":{"Temps estimat de lectura":"9 minuts"},"schema":{"@context":"https:\/\/schema.org","@graph":[{"@type":"WebPage","@id":"https:\/\/cator-sa.com\/ca\/avis-legal\/","url":"https:\/\/cator-sa.com\/ca\/avis-legal\/","name":"Av\u00eds legal - Cator","isPartOf":{"@id":"https:\/\/cator-sa.com\/ca\/#website"},"datePublished":"2024-06-26T13:44:51+00:00","dateModified":"2026-02-18T11:21:47+00:00","breadcrumb":{"@id":"https:\/\/cator-sa.com\/ca\/avis-legal\/#breadcrumb"},"inLanguage":"ca","potentialAction":[{"@type":"ReadAction","target":["https:\/\/cator-sa.com\/ca\/avis-legal\/"]}]},{"@type":"BreadcrumbList","@id":"https:\/\/cator-sa.com\/ca\/avis-legal\/#breadcrumb","itemListElement":[{"@type":"ListItem","position":1,"name":"Portada","item":"https:\/\/cator-sa.com\/ca\/home\/"},{"@type":"ListItem","position":2,"name":"Av\u00eds legal"}]},{"@type":"WebSite","@id":"https:\/\/cator-sa.com\/ca\/#website","url":"https:\/\/cator-sa.com\/ca\/","name":"Cator","description":"Cator","publisher":{"@id":"https:\/\/cator-sa.com\/ca\/#organization"},"potentialAction":[{"@type":"SearchAction","target":{"@type":"EntryPoint","urlTemplate":"https:\/\/cator-sa.com\/ca\/?s={search_term_string}"},"query-input":{"@type":"PropertyValueSpecification","valueRequired":true,"valueName":"search_term_string"}}],"inLanguage":"ca"},{"@type":"Organization","@id":"https:\/\/cator-sa.com\/ca\/#organization","name":"Cator","url":"https:\/\/cator-sa.com\/ca\/","logo":{"@type":"ImageObject","inLanguage":"ca","@id":"https:\/\/cator-sa.com\/ca\/#\/schema\/logo\/image\/","url":"https:\/\/cator-sa.com\/wp-content\/uploads\/2024\/06\/logo-cator.png","contentUrl":"https:\/\/cator-sa.com\/wp-content\/uploads\/2024\/06\/logo-cator.png","width":1477,"height":434,"caption":"Cator"},"image":{"@id":"https:\/\/cator-sa.com\/ca\/#\/schema\/logo\/image\/"}}]}},"_links":{"self":[{"href":"https:\/\/cator-sa.com\/ca\/wp-json\/wp\/v2\/pages\/1595","targetHints":{"allow":["GET"]}}],"collection":[{"href":"https:\/\/cator-sa.com\/ca\/wp-json\/wp\/v2\/pages"}],"about":[{"href":"https:\/\/cator-sa.com\/ca\/wp-json\/wp\/v2\/types\/page"}],"author":[{"embeddable":true,"href":"https:\/\/cator-sa.com\/ca\/wp-json\/wp\/v2\/users\/1"}],"replies":[{"embeddable":true,"href":"https:\/\/cator-sa.com\/ca\/wp-json\/wp\/v2\/comments?post=1595"}],"version-history":[{"count":4,"href":"https:\/\/cator-sa.com\/ca\/wp-json\/wp\/v2\/pages\/1595\/revisions"}],"predecessor-version":[{"id":6065,"href":"https:\/\/cator-sa.com\/ca\/wp-json\/wp\/v2\/pages\/1595\/revisions\/6065"}],"wp:attachment":[{"href":"https:\/\/cator-sa.com\/ca\/wp-json\/wp\/v2\/media?parent=1595"}],"curies":[{"name":"wp","href":"https:\/\/api.w.org\/{rel}","templated":true}]}}