{"id":4288,"date":"2025-06-09T11:14:58","date_gmt":"2025-06-09T11:14:58","guid":{"rendered":"https:\/\/cator-sa.com\/?page_id=4288"},"modified":"2025-07-09T09:18:14","modified_gmt":"2025-07-09T09:18:14","slug":"productes-2","status":"publish","type":"page","link":"https:\/\/cator-sa.com\/ca\/productes-2\/","title":{"rendered":"Mem\u00f2ria anual de Sostenibilitat"},"content":{"rendered":"\t\t<div data-elementor-type=\"wp-page\" data-elementor-id=\"4288\" class=\"elementor elementor-4288\" data-elementor-post-type=\"page\">\n\t\t\t\t<div class=\"elementor-element elementor-element-18e500b e-con-full e-flex elementor-invisible e-con e-parent\" data-id=\"18e500b\" data-element_type=\"container\" data-settings=\"{&quot;animation&quot;:&quot;fadeInUp&quot;}\">\n\t\t<div class=\"elementor-element elementor-element-9a1fe06 e-con-full e-flex e-con e-child\" data-id=\"9a1fe06\" data-element_type=\"container\">\n\t\t\t\t<div class=\"elementor-element elementor-element-67455dc elementor-widget elementor-widget-heading\" data-id=\"67455dc\" data-element_type=\"widget\" data-widget_type=\"heading.default\">\n\t\t\t\t<div class=\"elementor-widget-container\">\n\t\t\t\t\t<p class=\"elementor-heading-title elementor-size-default\">RSC<\/p>\t\t\t\t<\/div>\n\t\t\t\t<\/div>\n\t\t\t\t<div class=\"elementor-element elementor-element-571b875 elementor-widget elementor-widget-heading\" data-id=\"571b875\" data-element_type=\"widget\" data-widget_type=\"heading.default\">\n\t\t\t\t<div class=\"elementor-widget-container\">\n\t\t\t\t\t<h1 class=\"elementor-heading-title elementor-size-default\">Mem\u00f2ria anual de <span style=\"color: #00A9A7\">Sostenibilitat<\/span><\/h1>\t\t\t\t<\/div>\n\t\t\t\t<\/div>\n\t\t\t\t<\/div>\n\t\t\t\t<\/div>\n\t\t<div class=\"elementor-element elementor-element-d52e0ae e-con-full e-flex elementor-invisible e-con e-parent\" data-id=\"d52e0ae\" data-element_type=\"container\" data-settings=\"{&quot;background_background&quot;:&quot;classic&quot;,&quot;animation&quot;:&quot;fadeInUp&quot;}\">\n\t\t<div class=\"elementor-element elementor-element-d870017 e-con-full e-flex e-con e-child\" data-id=\"d870017\" data-element_type=\"container\">\n\t\t<div class=\"elementor-element elementor-element-7647066 e-con-full e-flex e-con e-child\" data-id=\"7647066\" data-element_type=\"container\">\n\t\t\t\t<div class=\"elementor-element elementor-element-420b56d elementor-widget elementor-widget-heading\" data-id=\"420b56d\" data-element_type=\"widget\" data-widget_type=\"heading.default\">\n\t\t\t\t<div class=\"elementor-widget-container\">\n\t\t\t\t\t<h2 class=\"elementor-heading-title elementor-size-default\">2024<\/h2>\t\t\t\t<\/div>\n\t\t\t\t<\/div>\n\t\t\t\t<div class=\"elementor-element elementor-element-1795883 elementor-widget elementor-widget-text-editor\" data-id=\"1795883\" data-element_type=\"widget\" data-widget_type=\"text-editor.default\">\n\t\t\t\t<div class=\"elementor-widget-container\">\n\t\t\t\t\t\t\t\t\t<p>La sostenibilitat i la circularitat s\u00f3n eixos fonamentals de la nostra activitat. Perseguim una millora continuada en aquest \u00e0mbit i, per aix\u00f2, recollim i analitzem anualment les dades del nostre comprom\u00eds en una mem\u00f2ria de sostenibilitat. <\/p>\t\t\t\t\t\t\t\t<\/div>\n\t\t\t\t<\/div>\n\t\t\t\t<\/div>\n\t\t<div class=\"elementor-element elementor-element-4f7850a e-con-full e-flex e-con e-child\" data-id=\"4f7850a\" data-element_type=\"container\">\n\t\t\t\t<div class=\"elementor-element elementor-element-d01d334 elementor-widget elementor-widget-image\" data-id=\"d01d334\" data-element_type=\"widget\" data-widget_type=\"image.default\">\n\t\t\t\t<div class=\"elementor-widget-container\">\n\t\t\t\t\t\t\t\t\t\t\t\t\t\t\t<img decoding=\"async\" width=\"156\" height=\"213\" src=\"https:\/\/cator-sa.com\/wp-content\/uploads\/2025\/06\/Rectangle-10.svg\" class=\"attachment-large size-large wp-image-4529\" alt=\"\" \/>\t\t\t\t\t\t\t\t\t\t\t\t\t\t\t<\/div>\n\t\t\t\t<\/div>\n\t\t\t\t<div class=\"elementor-element elementor-element-4cfadc0 elementor-widget-divider--view-line elementor-widget elementor-widget-divider\" data-id=\"4cfadc0\" data-element_type=\"widget\" data-widget_type=\"divider.default\">\n\t\t\t\t<div class=\"elementor-widget-container\">\n\t\t\t\t\t\t\t<div class=\"elementor-divider\">\n\t\t\t<span class=\"elementor-divider-separator\">\n\t\t\t\t\t\t<\/span>\n\t\t<\/div>\n\t\t\t\t\t\t<\/div>\n\t\t\t\t<\/div>\n\t\t\t\t<div class=\"elementor-element elementor-element-b8cd3f3 elementor-widget elementor-widget-text-editor\" data-id=\"b8cd3f3\" data-element_type=\"widget\" data-widget_type=\"text-editor.default\">\n\t\t\t\t<div class=\"elementor-widget-container\">\n\t\t\t\t\t\t\t\t\t<p>MEM\u00d2RIA DE SOSTENIBILITAT 2024<\/p>\t\t\t\t\t\t\t\t<\/div>\n\t\t\t\t<\/div>\n\t\t\t\t<div class=\"elementor-element elementor-element-5575a25 boton-icono elementor-align-justify elementor-mobile-align-left elementor-widget elementor-widget-button\" data-id=\"5575a25\" data-element_type=\"widget\" data-widget_type=\"button.default\">\n\t\t\t\t<div class=\"elementor-widget-container\">\n\t\t\t\t\t\t\t\t\t<div class=\"elementor-button-wrapper\">\n\t\t\t\t\t<a class=\"elementor-button elementor-button-link elementor-size-sm elementor-animation-grow\" href=\"https:\/\/cator-sa.com\/ca\/contacte\/\">\n\t\t\t\t\t\t<span class=\"elementor-button-content-wrapper\">\n\t\t\t\t\t\t<span class=\"elementor-button-icon\">\n\t\t\t\t<svg xmlns=\"http:\/\/www.w3.org\/2000\/svg\" id=\"Capa_1\" data-name=\"Capa 1\" viewBox=\"0 0 40 40\"><defs><style>      .cls-1 {        fill: #ffcd02;      }      .cls-1, .cls-2 {        stroke-width: 0px;      }      .cls-2 {        fill: #000;      }    <\/style><\/defs><circle class=\"cls-1\" cx=\"20\" cy=\"20\" r=\"20\"><\/circle><path class=\"cls-2\" d=\"M19.49,30s0,0,0,0c.3,0,.6-.11.83-.34l9.33-9.33c.46-.46.46-1.19,0-1.65s-1.19-.46-1.65,0l-7.35,7.35v-15.86c0-.64-.52-1.17-1.17-1.17s-1.17.52-1.17,1.17v15.84l-7.34-7.34c-.46-.46-1.19-.46-1.65,0s-.46,1.19,0,1.65l9.31,9.31c.11.12.25.21.4.27.08.03.18.04.27.05.06,0,.11.03.17.03Z\"><\/path><\/svg>\t\t\t<\/span>\n\t\t\t\t\t\t\t\t\t<span class=\"elementor-button-text\">Desc\u00e0rrega en format PDF<\/span>\n\t\t\t\t\t<\/span>\n\t\t\t\t\t<\/a>\n\t\t\t\t<\/div>\n\t\t\t\t\t\t\t\t<\/div>\n\t\t\t\t<\/div>\n\t\t\t\t<\/div>\n\t\t\t\t<\/div>\n\t\t\t\t<\/div>\n\t\t<div class=\"elementor-element elementor-element-db579f6 e-con-full e-flex elementor-invisible e-con e-parent\" data-id=\"db579f6\" data-element_type=\"container\" data-settings=\"{&quot;animation&quot;:&quot;fadeInUp&quot;}\">\n\t\t<div class=\"elementor-element elementor-element-325103d e-con-full e-flex e-con e-child\" data-id=\"325103d\" data-element_type=\"container\">\n\t\t\t\t<div class=\"elementor-element elementor-element-f8375a2 elementor-widget elementor-widget-heading\" data-id=\"f8375a2\" data-element_type=\"widget\" data-widget_type=\"heading.default\">\n\t\t\t\t<div class=\"elementor-widget-container\">\n\t\t\t\t\t<h3 class=\"elementor-heading-title elementor-size-default\">La circularitat<br><span style=\"color: #00A9A7\">comen\u00e7a aqu\u00ed.<\/span> <\/h3>\t\t\t\t<\/div>\n\t\t\t\t<\/div>\n\t\t\t\t<\/div>\n\t\t\t\t<\/div>\n\t\t<div class=\"elementor-element elementor-element-238fd83 e-con-full e-flex elementor-invisible e-con e-parent\" data-id=\"238fd83\" data-element_type=\"container\" data-settings=\"{&quot;animation&quot;:&quot;fadeInUp&quot;}\">\n\t\t<div class=\"elementor-element elementor-element-520639c e-con-full e-flex e-con e-child\" data-id=\"520639c\" data-element_type=\"container\">\n\t\t\t\t<div class=\"elementor-element elementor-element-a71b03a elementor-widget elementor-widget-text-editor\" data-id=\"a71b03a\" data-element_type=\"widget\" data-widget_type=\"text-editor.default\">\n\t\t\t\t<div class=\"elementor-widget-container\">\n\t\t\t\t\t\t\t\t\t<p>Omple aquest formulari i el nostre equip es posar\u00e0 en contacte amb tu el m\u00e9s aviat possible.<\/p>\t\t\t\t\t\t\t\t<\/div>\n\t\t\t\t<\/div>\n\t\t\t\t<\/div>\n\t\t<div class=\"elementor-element elementor-element-6a67113 e-con-full e-flex e-con e-child\" data-id=\"6a67113\" data-element_type=\"container\">\n\t\t\t\t<div class=\"elementor-element elementor-element-1146df0 elementor-button-align-end elementor-widget elementor-widget-form\" data-id=\"1146df0\" data-element_type=\"widget\" data-settings=\"{&quot;step_next_label&quot;:&quot;Siguiente&quot;,&quot;step_previous_label&quot;:&quot;Anterior&quot;,&quot;button_width&quot;:&quot;100&quot;,&quot;step_type&quot;:&quot;number_text&quot;,&quot;step_icon_shape&quot;:&quot;circle&quot;}\" data-widget_type=\"form.default\">\n\t\t\t\t<div class=\"elementor-widget-container\">\n\t\t\t\t\t\t\t<form class=\"elementor-form\" method=\"post\" name=\"Formulario pre footer - Productos\">\n\t\t\t<input type=\"hidden\" name=\"post_id\" value=\"4288\"\/>\n\t\t\t<input type=\"hidden\" name=\"form_id\" value=\"1146df0\"\/>\n\t\t\t<input type=\"hidden\" name=\"referer_title\" value=\"Cator\" \/>\n\n\t\t\t\n\t\t\t<div class=\"elementor-form-fields-wrapper elementor-labels-\">\n\t\t\t\t\t\t\t\t<div class=\"elementor-field-type-text elementor-field-group elementor-column elementor-field-group-name elementor-col-100 elementor-field-required\">\n\t\t\t\t\t\t\t\t\t\t\t\t<label for=\"form-field-name\" class=\"elementor-field-label elementor-screen-only\">\n\t\t\t\t\t\t\t\tNombre y Apellidos\t\t\t\t\t\t\t<\/label>\n\t\t\t\t\t\t\t\t\t\t\t\t\t\t<input size=\"1\" type=\"text\" name=\"form_fields[name]\" id=\"form-field-name\" class=\"elementor-field elementor-size-sm  elementor-field-textual\" placeholder=\"Nom i Cognoms*\" required=\"required\" aria-required=\"true\">\n\t\t\t\t\t\t\t\t\t\t\t<\/div>\n\t\t\t\t\t\t\t\t<div class=\"elementor-field-type-email elementor-field-group elementor-column elementor-field-group-email elementor-col-50 elementor-field-required\">\n\t\t\t\t\t\t\t\t\t\t\t\t<label for=\"form-field-email\" class=\"elementor-field-label elementor-screen-only\">\n\t\t\t\t\t\t\t\tEmail\t\t\t\t\t\t\t<\/label>\n\t\t\t\t\t\t\t\t\t\t\t\t\t\t<input size=\"1\" type=\"email\" name=\"form_fields[email]\" id=\"form-field-email\" class=\"elementor-field elementor-size-sm  elementor-field-textual\" placeholder=\"Email*\" required=\"required\" aria-required=\"true\">\n\t\t\t\t\t\t\t\t\t\t\t<\/div>\n\t\t\t\t\t\t\t\t<div class=\"elementor-field-type-tel elementor-field-group elementor-column elementor-field-group-telefono elementor-col-50 elementor-field-required\">\n\t\t\t\t\t\t\t\t\t\t\t\t<label for=\"form-field-telefono\" class=\"elementor-field-label elementor-screen-only\">\n\t\t\t\t\t\t\t\tTel\u00e9fono\t\t\t\t\t\t\t<\/label>\n\t\t\t\t\t\t\t\t<input size=\"1\" type=\"tel\" name=\"form_fields[telefono]\" id=\"form-field-telefono\" class=\"elementor-field elementor-size-sm  elementor-field-textual\" placeholder=\"Tel\u00e8fon*\" required=\"required\" aria-required=\"true\" pattern=\"[0-9()#&amp;+*-=.]+\" title=\"Only numbers and phone characters (#, -, *, etc) are accepted.\">\n\n\t\t\t\t\t\t<\/div>\n\t\t\t\t\t\t\t\t<div class=\"elementor-field-type-textarea elementor-field-group elementor-column elementor-field-group-message elementor-col-100 elementor-field-required\">\n\t\t\t\t\t\t\t\t\t\t\t\t<label for=\"form-field-message\" class=\"elementor-field-label elementor-screen-only\">\n\t\t\t\t\t\t\t\tComentarios\t\t\t\t\t\t\t<\/label>\n\t\t\t\t\t\t<textarea class=\"elementor-field-textual elementor-field  elementor-size-sm\" name=\"form_fields[message]\" id=\"form-field-message\" rows=\"4\" placeholder=\"Comentaris*\" required=\"required\" aria-required=\"true\"><\/textarea>\t\t\t\t<\/div>\n\t\t\t\t\t\t\t\t<div class=\"elementor-field-type-acceptance elementor-field-group elementor-column elementor-field-group-field_eeda016 elementor-col-100 elementor-field-required\">\n\t\t\t\t\t\t\t<div class=\"elementor-field-subgroup\">\n\t\t\t<span class=\"elementor-field-option\">\n\t\t\t\t<input type=\"checkbox\" name=\"form_fields[field_eeda016]\" id=\"form-field-field_eeda016\" class=\"elementor-field elementor-size-sm  elementor-acceptance-field\" required=\"required\" aria-required=\"true\">\n\t\t\t\t<label for=\"form-field-field_eeda016\">He llegit i accepto la <a style=\"color:#000;text-decoration:underline\" href=\"https:\/\/cator-sa.com\/ca\/politica-de-privacitat\/\">pol\u00edtica de privacitat<\/a>*<\/label>\t\t\t<\/span>\n\t\t<\/div>\n\t\t\t\t\t\t<\/div>\n\t\t\t\t\t\t\t\t<div class=\"elementor-field-type-text\">\n\t\t\t\t\t<input size=\"1\" type=\"text\" name=\"form_fields[field_ee09bde]\" id=\"form-field-field_ee09bde\" class=\"elementor-field elementor-size-sm \" style=\"display:none !important;\">\t\t\t\t<\/div>\n\t\t\t\t\t\t\t\t<div class=\"elementor-field-type-recaptcha_v3 elementor-field-group elementor-column elementor-field-group-field_ff596ac elementor-col-100 recaptcha_v3-bottomright\">\n\t\t\t\t\t<div class=\"elementor-field\" id=\"form-field-field_ff596ac\"><div class=\"elementor-g-recaptcha\" data-sitekey=\"6LfNKTcqAAAAAK-Cspwy9-HeTKU5BEVY0m6kujl1\" data-type=\"v3\" data-action=\"Form\" data-badge=\"bottomright\" data-size=\"invisible\"><\/div><\/div>\t\t\t\t<\/div>\n\t\t\t\t\t\t\t\t<div class=\"elementor-field-group elementor-column elementor-field-type-submit elementor-col-100 e-form__buttons\">\n\t\t\t\t\t<button class=\"elementor-button elementor-size-sm elementor-animation-grow\" type=\"submit\">\n\t\t\t\t\t\t<span class=\"elementor-button-content-wrapper\">\n\t\t\t\t\t\t\t\t\t\t\t\t\t\t\t<span class=\"elementor-button-icon\">\n\t\t\t\t\t\t\t\t\t<svg aria-hidden=\"true\" class=\"e-font-icon-svg e-fas-arrow-right\" viewBox=\"0 0 448 512\" xmlns=\"http:\/\/www.w3.org\/2000\/svg\"><path d=\"M190.5 66.9l22.2-22.2c9.4-9.4 24.6-9.4 33.9 0L441 239c9.4 9.4 9.4 24.6 0 33.9L246.6 467.3c-9.4 9.4-24.6 9.4-33.9 0l-22.2-22.2c-9.5-9.5-9.3-25 .4-34.3L311.4 296H24c-13.3 0-24-10.7-24-24v-32c0-13.3 10.7-24 24-24h287.4L190.9 101.2c-9.8-9.3-10-24.8-.4-34.3z\"><\/path><\/svg>\t\t\t\t\t\t\t\t\t\t\t\t\t\t\t\t\t<\/span>\n\t\t\t\t\t\t\t\t\t\t\t\t\t\t\t\t\t\t\t\t\t\t<span class=\"elementor-button-text\">Enviar<\/span>\n\t\t\t\t\t\t\t\t\t\t\t\t\t<\/span>\n\t\t\t\t\t<\/button>\n\t\t\t\t<\/div>\n\t\t\t<\/div>\n\t\t<\/form>\n\t\t\t\t\t\t<\/div>\n\t\t\t\t<\/div>\n\t\t\t\t<\/div>\n\t\t\t\t<\/div>\n\t\t<div class=\"elementor-element elementor-element-330577b e-con-full e-flex e-con e-parent\" data-id=\"330577b\" data-element_type=\"container\">\n\t\t<div class=\"elementor-element elementor-element-86429c0 e-con-full e-flex e-con e-child\" data-id=\"86429c0\" data-element_type=\"container\">\n\t\t\t\t<div class=\"elementor-element elementor-element-ccbd78f elementor-widget elementor-widget-image\" data-id=\"ccbd78f\" data-element_type=\"widget\" data-widget_type=\"image.default\">\n\t\t\t\t<div class=\"elementor-widget-container\">\n\t\t\t\t\t\t\t\t\t\t\t\t\t\t\t<img fetchpriority=\"high\" decoding=\"async\" width=\"517\" height=\"281\" src=\"https:\/\/cator-sa.com\/wp-content\/uploads\/2024\/06\/sol-contacto.png\" class=\"attachment-full size-full wp-image-263\" alt=\"\" srcset=\"https:\/\/cator-sa.com\/wp-content\/uploads\/2024\/06\/sol-contacto.png 517w, https:\/\/cator-sa.com\/wp-content\/uploads\/2024\/06\/sol-contacto-300x163.png 300w\" sizes=\"(max-width: 517px) 100vw, 517px\" \/>\t\t\t\t\t\t\t\t\t\t\t\t\t\t\t<\/div>\n\t\t\t\t<\/div>\n\t\t\t\t<\/div>\n\t\t<div class=\"elementor-element elementor-element-e4d8815 e-con-full elementor-hidden-mobile e-flex e-con e-child\" data-id=\"e4d8815\" data-element_type=\"container\">\n\t\t\t\t<\/div>\n\t\t\t\t<\/div>\n\t\t\t\t<\/div>\n\t\t","protected":false},"excerpt":{"rendered":"<p>RSC Mem\u00f2ria anual de Sostenibilitat 2024 La sostenibilitat i la circularitat s\u00f3n eixos fonamentals de la nostra activitat. Perseguim una millora continuada en aquest \u00e0mbit i, per aix\u00f2, recollim i analitzem anualment les dades del nostre comprom\u00eds en una mem\u00f2ria de sostenibilitat. MEM\u00d2RIA DE SOSTENIBILITAT 2024 Desc\u00e0rrega en format PDF La circularitatcomen\u00e7a aqu\u00ed. Omple aquest [&hellip;]<\/p>\n","protected":false},"author":1,"featured_media":0,"parent":0,"menu_order":0,"comment_status":"closed","ping_status":"closed","template":"","meta":{"content-type":"","footnotes":""},"class_list":["post-4288","page","type-page","status-publish","hentry"],"yoast_head":"<!-- This site is optimized with the Yoast SEO plugin v24.4 - https:\/\/yoast.com\/wordpress\/plugins\/seo\/ -->\n<title>Mem\u00f2ria anual de sostenibilitat - Cator<\/title>\n<meta name=\"description\" content=\"Descobriu els productes Cator, creats a partir del reciclatge d&#039;oli industrial. Sostenibilitat i qualitat a cada soluci\u00f3. Coneix m\u00e9s sobre la nostra oferta!\" \/>\n<meta name=\"robots\" content=\"index, follow, max-snippet:-1, max-image-preview:large, max-video-preview:-1\" \/>\n<link rel=\"canonical\" href=\"https:\/\/cator-sa.com\/ca\/productes-2\/\" \/>\n<meta property=\"og:locale\" content=\"ca_ES\" \/>\n<meta property=\"og:type\" content=\"article\" \/>\n<meta property=\"og:title\" content=\"Mem\u00f2ria anual de sostenibilitat - Cator\" \/>\n<meta property=\"og:description\" content=\"Descobriu els productes Cator, creats a partir del reciclatge d&#039;oli industrial. Sostenibilitat i qualitat a cada soluci\u00f3. Coneix m\u00e9s sobre la nostra oferta!\" \/>\n<meta property=\"og:url\" content=\"https:\/\/cator-sa.com\/ca\/productes-2\/\" \/>\n<meta property=\"og:site_name\" content=\"Cator\" \/>\n<meta property=\"article:modified_time\" content=\"2025-07-09T09:18:14+00:00\" \/>\n<meta name=\"twitter:card\" content=\"summary_large_image\" \/>\n<meta name=\"twitter:label1\" content=\"Temps estimat de lectura\" \/>\n\t<meta name=\"twitter:data1\" content=\"2 minuts\" \/>\n<script type=\"application\/ld+json\" class=\"yoast-schema-graph\">{\"@context\":\"https:\/\/schema.org\",\"@graph\":[{\"@type\":\"WebPage\",\"@id\":\"https:\/\/cator-sa.com\/ca\/productes-2\/\",\"url\":\"https:\/\/cator-sa.com\/ca\/productes-2\/\",\"name\":\"Mem\u00f2ria anual de sostenibilitat - Cator\",\"isPartOf\":{\"@id\":\"https:\/\/cator-sa.com\/ca\/#website\"},\"primaryImageOfPage\":{\"@id\":\"https:\/\/cator-sa.com\/ca\/productes-2\/#primaryimage\"},\"image\":{\"@id\":\"https:\/\/cator-sa.com\/ca\/productes-2\/#primaryimage\"},\"thumbnailUrl\":\"https:\/\/cator-sa.com\/wp-content\/uploads\/2025\/06\/Rectangle-10.svg\",\"datePublished\":\"2025-06-09T11:14:58+00:00\",\"dateModified\":\"2025-07-09T09:18:14+00:00\",\"description\":\"Descobriu els productes Cator, creats a partir del reciclatge d'oli industrial. Sostenibilitat i qualitat a cada soluci\u00f3. Coneix m\u00e9s sobre la nostra oferta!\",\"breadcrumb\":{\"@id\":\"https:\/\/cator-sa.com\/ca\/productes-2\/#breadcrumb\"},\"inLanguage\":\"ca\",\"potentialAction\":[{\"@type\":\"ReadAction\",\"target\":[\"https:\/\/cator-sa.com\/ca\/productes-2\/\"]}]},{\"@type\":\"ImageObject\",\"inLanguage\":\"ca\",\"@id\":\"https:\/\/cator-sa.com\/ca\/productes-2\/#primaryimage\",\"url\":\"https:\/\/cator-sa.com\/wp-content\/uploads\/2025\/06\/Rectangle-10.svg\",\"contentUrl\":\"https:\/\/cator-sa.com\/wp-content\/uploads\/2025\/06\/Rectangle-10.svg\"},{\"@type\":\"BreadcrumbList\",\"@id\":\"https:\/\/cator-sa.com\/ca\/productes-2\/#breadcrumb\",\"itemListElement\":[{\"@type\":\"ListItem\",\"position\":1,\"name\":\"Portada\",\"item\":\"https:\/\/cator-sa.com\/ca\/home\/\"},{\"@type\":\"ListItem\",\"position\":2,\"name\":\"Mem\u00f2ria anual de Sostenibilitat\"}]},{\"@type\":\"WebSite\",\"@id\":\"https:\/\/cator-sa.com\/ca\/#website\",\"url\":\"https:\/\/cator-sa.com\/ca\/\",\"name\":\"Cator\",\"description\":\"Cator\",\"publisher\":{\"@id\":\"https:\/\/cator-sa.com\/ca\/#organization\"},\"potentialAction\":[{\"@type\":\"SearchAction\",\"target\":{\"@type\":\"EntryPoint\",\"urlTemplate\":\"https:\/\/cator-sa.com\/ca\/?s={search_term_string}\"},\"query-input\":{\"@type\":\"PropertyValueSpecification\",\"valueRequired\":true,\"valueName\":\"search_term_string\"}}],\"inLanguage\":\"ca\"},{\"@type\":\"Organization\",\"@id\":\"https:\/\/cator-sa.com\/ca\/#organization\",\"name\":\"Cator\",\"url\":\"https:\/\/cator-sa.com\/ca\/\",\"logo\":{\"@type\":\"ImageObject\",\"inLanguage\":\"ca\",\"@id\":\"https:\/\/cator-sa.com\/ca\/#\/schema\/logo\/image\/\",\"url\":\"https:\/\/cator-sa.com\/wp-content\/uploads\/2024\/06\/logo-cator.png\",\"contentUrl\":\"https:\/\/cator-sa.com\/wp-content\/uploads\/2024\/06\/logo-cator.png\",\"width\":1477,\"height\":434,\"caption\":\"Cator\"},\"image\":{\"@id\":\"https:\/\/cator-sa.com\/ca\/#\/schema\/logo\/image\/\"}}]}<\/script>\n<!-- \/ Yoast SEO plugin. -->","yoast_head_json":{"title":"Mem\u00f2ria anual de sostenibilitat - Cator","description":"Descobriu els productes Cator, creats a partir del reciclatge d'oli industrial. Sostenibilitat i qualitat a cada soluci\u00f3. Coneix m\u00e9s sobre la nostra oferta!","robots":{"index":"index","follow":"follow","max-snippet":"max-snippet:-1","max-image-preview":"max-image-preview:large","max-video-preview":"max-video-preview:-1"},"canonical":"https:\/\/cator-sa.com\/ca\/productes-2\/","og_locale":"ca_ES","og_type":"article","og_title":"Mem\u00f2ria anual de sostenibilitat - Cator","og_description":"Descobriu els productes Cator, creats a partir del reciclatge d'oli industrial. Sostenibilitat i qualitat a cada soluci\u00f3. Coneix m\u00e9s sobre la nostra oferta!","og_url":"https:\/\/cator-sa.com\/ca\/productes-2\/","og_site_name":"Cator","article_modified_time":"2025-07-09T09:18:14+00:00","twitter_card":"summary_large_image","twitter_misc":{"Temps estimat de lectura":"2 minuts"},"schema":{"@context":"https:\/\/schema.org","@graph":[{"@type":"WebPage","@id":"https:\/\/cator-sa.com\/ca\/productes-2\/","url":"https:\/\/cator-sa.com\/ca\/productes-2\/","name":"Mem\u00f2ria anual de sostenibilitat - Cator","isPartOf":{"@id":"https:\/\/cator-sa.com\/ca\/#website"},"primaryImageOfPage":{"@id":"https:\/\/cator-sa.com\/ca\/productes-2\/#primaryimage"},"image":{"@id":"https:\/\/cator-sa.com\/ca\/productes-2\/#primaryimage"},"thumbnailUrl":"https:\/\/cator-sa.com\/wp-content\/uploads\/2025\/06\/Rectangle-10.svg","datePublished":"2025-06-09T11:14:58+00:00","dateModified":"2025-07-09T09:18:14+00:00","description":"Descobriu els productes Cator, creats a partir del reciclatge d'oli industrial. Sostenibilitat i qualitat a cada soluci\u00f3. Coneix m\u00e9s sobre la nostra oferta!","breadcrumb":{"@id":"https:\/\/cator-sa.com\/ca\/productes-2\/#breadcrumb"},"inLanguage":"ca","potentialAction":[{"@type":"ReadAction","target":["https:\/\/cator-sa.com\/ca\/productes-2\/"]}]},{"@type":"ImageObject","inLanguage":"ca","@id":"https:\/\/cator-sa.com\/ca\/productes-2\/#primaryimage","url":"https:\/\/cator-sa.com\/wp-content\/uploads\/2025\/06\/Rectangle-10.svg","contentUrl":"https:\/\/cator-sa.com\/wp-content\/uploads\/2025\/06\/Rectangle-10.svg"},{"@type":"BreadcrumbList","@id":"https:\/\/cator-sa.com\/ca\/productes-2\/#breadcrumb","itemListElement":[{"@type":"ListItem","position":1,"name":"Portada","item":"https:\/\/cator-sa.com\/ca\/home\/"},{"@type":"ListItem","position":2,"name":"Mem\u00f2ria anual de Sostenibilitat"}]},{"@type":"WebSite","@id":"https:\/\/cator-sa.com\/ca\/#website","url":"https:\/\/cator-sa.com\/ca\/","name":"Cator","description":"Cator","publisher":{"@id":"https:\/\/cator-sa.com\/ca\/#organization"},"potentialAction":[{"@type":"SearchAction","target":{"@type":"EntryPoint","urlTemplate":"https:\/\/cator-sa.com\/ca\/?s={search_term_string}"},"query-input":{"@type":"PropertyValueSpecification","valueRequired":true,"valueName":"search_term_string"}}],"inLanguage":"ca"},{"@type":"Organization","@id":"https:\/\/cator-sa.com\/ca\/#organization","name":"Cator","url":"https:\/\/cator-sa.com\/ca\/","logo":{"@type":"ImageObject","inLanguage":"ca","@id":"https:\/\/cator-sa.com\/ca\/#\/schema\/logo\/image\/","url":"https:\/\/cator-sa.com\/wp-content\/uploads\/2024\/06\/logo-cator.png","contentUrl":"https:\/\/cator-sa.com\/wp-content\/uploads\/2024\/06\/logo-cator.png","width":1477,"height":434,"caption":"Cator"},"image":{"@id":"https:\/\/cator-sa.com\/ca\/#\/schema\/logo\/image\/"}}]}},"_links":{"self":[{"href":"https:\/\/cator-sa.com\/ca\/wp-json\/wp\/v2\/pages\/4288","targetHints":{"allow":["GET"]}}],"collection":[{"href":"https:\/\/cator-sa.com\/ca\/wp-json\/wp\/v2\/pages"}],"about":[{"href":"https:\/\/cator-sa.com\/ca\/wp-json\/wp\/v2\/types\/page"}],"author":[{"embeddable":true,"href":"https:\/\/cator-sa.com\/ca\/wp-json\/wp\/v2\/users\/1"}],"replies":[{"embeddable":true,"href":"https:\/\/cator-sa.com\/ca\/wp-json\/wp\/v2\/comments?post=4288"}],"version-history":[{"count":4,"href":"https:\/\/cator-sa.com\/ca\/wp-json\/wp\/v2\/pages\/4288\/revisions"}],"predecessor-version":[{"id":5031,"href":"https:\/\/cator-sa.com\/ca\/wp-json\/wp\/v2\/pages\/4288\/revisions\/5031"}],"wp:attachment":[{"href":"https:\/\/cator-sa.com\/ca\/wp-json\/wp\/v2\/media?parent=4288"}],"curies":[{"name":"wp","href":"https:\/\/api.w.org\/{rel}","templated":true}]}}